{"id":5079,"date":"2014-04-27T19:06:30","date_gmt":"2014-04-27T17:06:30","guid":{"rendered":"http:\/\/www.agenciazoom.com\/web\/?page_id=5079"},"modified":"2025-03-31T18:25:07","modified_gmt":"2025-03-31T16:25:07","slug":"politica-de-cookies","status":"publish","type":"page","link":"https:\/\/www.agenciazoom.com\/web\/politica-de-cookies\/","title":{"rendered":"Pol\u00edtica de cookies"},"content":{"rendered":"<div style=\"text-align: justify;font-size:1.3em;line-height:1.3em;\">\n<p>Para tu seguridad y tranquilidad te adjuntamos toda la informaci\u00f3n relativa a la Ley 34\/2002, de 11 de julio, modificada por el Real Decreto 13\/2012, de 30 de marzo, en materia de comunicaciones electr\u00f3nicas. Adem\u00e1s, te informamos de la gesti\u00f3n y utilizaci\u00f3n que hace de ellas <strong>Agencia Zoom<\/strong>.<\/p>\n<p>&nbsp;<br \/>\n&nbsp;<\/p>\n<h3>\u00bfQu\u00e9 son las cookies?<\/h3>\n<p>Las cookies son peque\u00f1os archivos de texto que el servidor puede descargarse y guardar en la memoria de tu dispositivo (ordenador, tableta, tel\u00e9fono inteligente, etc.) para recordar y reconocer las preferencias del usuario en cada una de las p\u00e1ginas visitadas.<\/p>\n<p>Las cookies solo pueden ser le\u00eddas por el ordenador que las haya guardado. Y en ning\u00fan caso pueden propagar ni contener virus.<\/p>\n<h3>\u00bfQu\u00e9 cookies hay?<\/h3>\n<p>A continuaci\u00f3n te mencionamos y clasificamos los distintos tipos de cookies que hay y que la ley menciona:<\/p>\n<h4>Seg\u00fan la propiedad de las cookies:<\/h4>\n<p><span style=\"color: #c0c0c0;\"><strong>Cookies propias:<\/strong><\/span> son las que hay dentro del portal de www.agenciazoom.com.<br \/>\n<span style=\"color: #c0c0c0;\"><strong>Cookies externas:<\/strong><\/span> son las que hay en servidores externos pero que contienen informaci\u00f3n propiedad de Agencia Zoom.<\/p>\n<h4>Seg\u00fan la duraci\u00f3n de las cookies:<\/h4>\n<p><span style=\"color: #c0c0c0;\"><strong>Cookies puntuales:<\/strong><\/span> las cookies de sesi\u00f3n son cookies puntuales porque se eliminan al salir de la sesi\u00f3n o finalizar la conexi\u00f3n.<br \/>\n<span style=\"color: #c0c0c0;\"><strong>Cookies permanentes:<\/strong><\/span> son cookies permanentes todas las que el navegador mantiene durante un per\u00edodo determinado.<\/p>\n<h4>Seg\u00fan la finalidad con la que se usan:<\/h4>\n<p><span style=\"color: #c0c0c0;\"><strong>Cookies t\u00e9cnicas:<\/strong><\/span> son necesarias para la buena din\u00e1mica y funcionamiento del web.<br \/>\n<span style=\"color: #c0c0c0;\"><strong>Cookies de personalizaci\u00f3n:<\/strong><\/span> recuerdan la informaci\u00f3n b\u00e1sica que elige el usuario durante la navegaci\u00f3n y ahorra que se la pregunten en las conexiones siguientes. As\u00ed se consigue hacer m\u00e1s c\u00f3moda la experiencia del usuario y evita preguntas repetitivas que pueden molestar al cliente.<br \/>\n<span style=\"color: #c0c0c0;\"><strong>Cookies de estad\u00edsticas web:<\/strong><\/span>el objetivo de estas cookies es extraer informaci\u00f3n estad\u00edstica en el portal web: (conocer el volumen de visitas, usuarios \u00fanicos, tiempos de navegaci\u00f3n&#8230;).<br \/>\n<span style=\"color: #c0c0c0;\"><strong>Cookies publicitarias:<\/strong><\/span> sirven para gestionar los espacios publicitarios incluidos en el portal web.<br \/>\n<span style=\"color: #c0c0c0;\"><strong>Cookies de afiliaci\u00f3n:<\/strong><\/span> permiten seguir las visitas en los espacios publicitarios de fuera del web de Agencia Zoom pero cuyo contenido es oficial de la empresa.<\/p>\n<p>En Agencia Zoom utilizamos principalmente las cookies de sesi\u00f3n y de estad\u00edstica web, aunque, con el prop\u00f3sito de facilitar la navegaci\u00f3n al usuario o de proporcionarle informaci\u00f3n espec\u00edfica, en determinados casos utilizamos otras aparte de las anteriormente mencionadas.<\/p>\n<h3>\u00bfCon qu\u00e9 finalidad Agencia Zoom utiliza cookies?<\/h3>\n<p>Las cookies se guardan con la finalidad de facilitar la navegaci\u00f3n del usuario. Si decides utilizar cookies, Agencia Zoom har\u00e1 que tu navegaci\u00f3n sea m\u00e1s r\u00e1pida, m\u00e1s c\u00f3moda y m\u00e1s eficiente. Y, adem\u00e1s, te aseguramos que la informaci\u00f3n que queda guardada en las cookies \u00fanicamente ser\u00e1 utilizada por Agencia Zoom, y nunca se traspasar\u00e1 a terceros.<\/p>\n<p>De todas maneras, tu confianza, seguridad y privacidad prevalecen para Agencia Zoom. As\u00ed pues, te ofrecemos la posibilidad de navegar sin cookies.<\/p>\n<h3>\u00bfC\u00f3mo se puede navegar sin cookies?<\/h3>\n<p>Siempre est\u00e1s a tiempo de desactivar las cookies del navegador. As\u00ed pues, si lo deseas, puedes suprimirlas modificando los par\u00e1metros de configuraci\u00f3n del navegador.<\/p>\n<h4>Internet Explorer:<\/h4>\n<p><a href=\"http:\/\/windows.microsoft.com\/es-es\/windows-vista\/block-or-allow-cookies\" target=\"_blank\" rel=\"noopener noreferrer nofollow\">windows.microsoft.com\/es-es\/windows-vista\/block-or-allow-cookies<\/a> (IE7 &#8211; IE8)<br \/>\n<a href=\"http:\/\/windows.microsoft.com\/es-es\/windows7\/how-to-manage-cookies-in-internet-explorer-9\" target=\"_blank\" rel=\"noopener noreferrer nofollow\">windows.microsoft.com\/es-es\/windows7\/how-to-manage-cookies-in-internet-explorer-9<\/a> (IE9)<\/p>\n<h4>Chrome:<\/h4>\n<p><a href=\"http:\/\/support.google.com\/chrome\/answer\/95647?hl=es\" target=\"_blank\" rel=\"noopener noreferrer nofollow\">support.google.com\/chrome\/answer\/95647?hl=es<\/a><\/p>\n<h4>Firefox:<\/h4>\n<p><a href=\"http:\/\/support.mozilla.org\/es\/kb\/habilitar-y-deshabilitar-cookies-que-los-sitios-we>support.mozilla.org\/es\/kb\/habilitar-y-deshabilitar-cookies-que-los-sitios-we<\/a><\/p>\n<h4>Safari:<\/h4>\n<p><a href=\"http:\/\/support.apple.com\/kb\/ph5042\" target=\"_blank\" rel=\"noopener noreferrer nofollow\">support.apple.com\/kb\/ph5042<\/a><\/p>\n<p>En caso de desactivar las cookies, Agencia Zoom no garantiza el buen funcionamiento y la buena visualizaci\u00f3n del portal web.\n<\/p><\/div>\n","protected":false},"excerpt":{"rendered":"<p>Para tu seguridad y tranquilidad te adjuntamos toda la informaci\u00f3n relativa a la Ley 34\/2002, de 11 de julio, modificada por el Real Decreto 13\/2012, de 30 de marzo, en materia de comunicaciones electr\u00f3nicas. Adem\u00e1s, te informamos de la gesti\u00f3n y utilizaci\u00f3n que hace de ellas Agencia Zoom. &nbsp; &nbsp; \u00bfQu\u00e9 son las cookies? Las [&hellip;]<\/p>\n","protected":false},"author":2,"featured_media":0,"parent":0,"menu_order":5,"comment_status":"open","ping_status":"closed","template":"","meta":{"footnotes":""},"class_list":["post-5079","page","type-page","status-publish","hentry"],"_links":{"self":[{"href":"https:\/\/www.agenciazoom.com\/web\/wp-json\/wp\/v2\/pages\/5079","targetHints":{"allow":["GET"]}}],"collection":[{"href":"https:\/\/www.agenciazoom.com\/web\/wp-json\/wp\/v2\/pages"}],"about":[{"href":"https:\/\/www.agenciazoom.com\/web\/wp-json\/wp\/v2\/types\/page"}],"author":[{"embeddable":true,"href":"https:\/\/www.agenciazoom.com\/web\/wp-json\/wp\/v2\/users\/2"}],"replies":[{"embeddable":true,"href":"https:\/\/www.agenciazoom.com\/web\/wp-json\/wp\/v2\/comments?post=5079"}],"version-history":[{"count":17,"href":"https:\/\/www.agenciazoom.com\/web\/wp-json\/wp\/v2\/pages\/5079\/revisions"}],"predecessor-version":[{"id":11088,"href":"https:\/\/www.agenciazoom.com\/web\/wp-json\/wp\/v2\/pages\/5079\/revisions\/11088"}],"wp:attachment":[{"href":"https:\/\/www.agenciazoom.com\/web\/wp-json\/wp\/v2\/media?parent=5079"}],"curies":[{"name":"wp","href":"https:\/\/api.w.org\/{rel}","templated":true}]}}