{"id":641,"date":"2012-01-17T17:39:03","date_gmt":"2012-01-17T16:39:03","guid":{"rendered":"http:\/\/www.agenciazoom.com\/web\/?page_id=641"},"modified":"2025-03-31T18:25:07","modified_gmt":"2025-03-31T16:25:07","slug":"aviso-legal","status":"publish","type":"page","link":"https:\/\/www.agenciazoom.com\/web\/aviso-legal\/","title":{"rendered":"Aviso legal"},"content":{"rendered":"<div style=\"text-align: justify;\">\n<p>Todas las informaciones gr\u00e1ficas y textuales publicadas en esta web est\u00e1n protegidas por el copyright de la <strong>Agencia Zoom<\/strong> y sus autores cuyos derechos est\u00e1n protegidos por la ley espa\u00f1ola e internacional. Ninguna parte del archivo de <strong>Zoom<\/strong> puede ser reproducido o trasmitido sin el permiso por escrito del editor de la agencia. <strong>Zoom<\/strong> se reserva el derecho a no permitir la utilizaci\u00f3n de sus texto y\/o im\u00e1genes en \u00e1mbitos particulares.<\/p>\n<p>El propietario de esta sitio web pone a disposici\u00f3n de los visitantes una serie de datos que seg\u00fan la <a href=\"http:\/\/www.boe.es\/boe\/dias\/2002\/07\/12\/pdfs\/A25388-25403.pdf\" target=\"_blank\" rel=\"noopener noreferrer nofollow\">Ley 34\/2002 &#8211; LSSICE<\/a> de <em>\u00abServicios de la Sociedad y la Informaci\u00f3n de Comercio Electr\u00f3nico\u00bb<\/em> son de obligada disposici\u00f3n tanto a los destinatarios del servicio como a los \u00f3rganos competentes, y por ello se podr\u00e1n encontrar a continuaci\u00f3n, dispuestos de forma f\u00e1cil, directa y gratuita:<strong><\/strong><\/p>\n<p><span style=\"color: #c0c0c0;\"><strong>Titular del dominio www.agenciazoom.com:<\/strong><\/span><br \/>\nF\u00e8lix Merino Gonz\u00e1lez<\/p>\n<p><span style=\"color: #c0c0c0;\"><strong>Denominaci\u00f3n Social:<\/strong><\/span><br \/>\nF\u00e8lix Merino Gonz\u00e1lez<\/p>\n<p><span style=\"color: #c0c0c0;\"><strong>Domicilio de la empresa:<\/strong><\/span><br \/>\nc\/Joan Blanques 68, bajos<br \/>\n08024 Barcelona<\/p>\n<p><span style=\"color: #c0c0c0;\"><strong>Tel\u00e9fono de Contacto:<strong><\/strong><\/strong><\/span><br \/>\n+34 607 683 612<br \/>\nFax: 93 210 58 52<\/p>\n<p><span style=\"color: #c0c0c0;\"><strong>SCP:<strong><\/strong><\/strong><\/span><br \/>\nJ61499653<\/p>\n<p><span style=\"color: #c0c0c0;\"><strong>Direcci\u00f3n de Correo electr\u00f3nico:<\/strong><\/span><br \/>\nzoom@agenciazoom.com<\/p>\n<p><span style=\"color: #c0c0c0;\"><strong>Nombre del dominio para identificaci\u00f3n:<\/strong><\/span><br \/>\nwww.agenciazoom.com<\/p>\n<p><strong>Zoom<\/strong> se reserva el derecho de efectuar sin previo aviso las modificaciones que considere oportunas en su sitio Web, pudiendo cambiar, suprimir o a\u00f1adir tanto los contenidos y servicios que presta como la forma en la cual estos aparezcan presentados o localizados.<\/p>\n<p>En relaci\u00f3n a los servicios a disposici\u00f3n de los usuarios a trav\u00e9s de registro previo, todos los datos se mantienen en la m\u00e1s estricta Privacidad de acuerdo con la legislaci\u00f3n vigente. <strong>Zoom<\/strong> cumple esta legislaci\u00f3n respecto a la protecci\u00f3n de datos personales recibidos mediante correos electr\u00f3nicos de los visitantes que contacten a trav\u00e9s de la web, preservando su confidencialidad seg\u00fan la <a href=\"http:\/\/www.boe.es\/boe\/dias\/2011\/07\/19\/pdfs\/BOE-B-2011-24364.pdf\" target=\"_blank\" rel=\"noopener noreferrer nofollow\">Ley Org\u00e1nica 15\/99 del 13 de diciembre de 1999<\/a> sobre <em>\u00abProtecci\u00f3n de Datos de Car\u00e1cter Personal\u00bb<\/em>.<\/p>\n<\/div>\n","protected":false},"excerpt":{"rendered":"<p>Todas las informaciones gr\u00e1ficas y textuales publicadas en esta web est\u00e1n protegidas por el copyright de la Agencia Zoom y sus autores cuyos derechos est\u00e1n protegidos por la ley espa\u00f1ola e internacional. Ninguna parte del archivo de Zoom puede ser reproducido o trasmitido sin el permiso por escrito del editor de la agencia. Zoom se [&hellip;]<\/p>\n","protected":false},"author":2,"featured_media":0,"parent":0,"menu_order":6,"comment_status":"open","ping_status":"closed","template":"","meta":{"footnotes":""},"class_list":["post-641","page","type-page","status-publish","hentry"],"_links":{"self":[{"href":"https:\/\/www.agenciazoom.com\/web\/wp-json\/wp\/v2\/pages\/641","targetHints":{"allow":["GET"]}}],"collection":[{"href":"https:\/\/www.agenciazoom.com\/web\/wp-json\/wp\/v2\/pages"}],"about":[{"href":"https:\/\/www.agenciazoom.com\/web\/wp-json\/wp\/v2\/types\/page"}],"author":[{"embeddable":true,"href":"https:\/\/www.agenciazoom.com\/web\/wp-json\/wp\/v2\/users\/2"}],"replies":[{"embeddable":true,"href":"https:\/\/www.agenciazoom.com\/web\/wp-json\/wp\/v2\/comments?post=641"}],"version-history":[{"count":12,"href":"https:\/\/www.agenciazoom.com\/web\/wp-json\/wp\/v2\/pages\/641\/revisions"}],"predecessor-version":[{"id":11089,"href":"https:\/\/www.agenciazoom.com\/web\/wp-json\/wp\/v2\/pages\/641\/revisions\/11089"}],"wp:attachment":[{"href":"https:\/\/www.agenciazoom.com\/web\/wp-json\/wp\/v2\/media?parent=641"}],"curies":[{"name":"wp","href":"https:\/\/api.w.org\/{rel}","templated":true}]}}