{"id":7569,"date":"2016-09-09T15:47:56","date_gmt":"2016-09-09T13:47:56","guid":{"rendered":"http:\/\/www.agenciazoom.com\/web\/?page_id=7569"},"modified":"2025-03-31T18:25:06","modified_gmt":"2025-03-31T16:25:06","slug":"llamada-2017","status":"publish","type":"page","link":"https:\/\/www.agenciazoom.com\/web\/llamada-2017\/","title":{"rendered":"Llamada 2017"},"content":{"rendered":"<div class=\"llamada\">\n<p><img loading=\"lazy\" decoding=\"async\" class=\"aligncenter size-full wp-image-7588\" src=\"https:\/\/www.agenciazoom.com\/web\/wp-content\/uploads\/llamada2017_top.png\" alt=\"LLAMADA 2017\" width=\"908\" height=\"119\" srcset=\"https:\/\/www.agenciazoom.com\/web\/wp-content\/uploads\/llamada2017_top.png 908w, https:\/\/www.agenciazoom.com\/web\/wp-content\/uploads\/llamada2017_top-300x39.png 300w, https:\/\/www.agenciazoom.com\/web\/wp-content\/uploads\/llamada2017_top-768x101.png 768w\" sizes=\"auto, (max-width: 908px) 100vw, 908px\" \/><\/p>\n<h1>Buscamos nuevos trabajos, nuevas ideas, nuevas miradas\u00a0en el \u00e1mbito del reportaje y del fotoperiodismo. Si tienes proyectos\u00a0realizados o en un estado avanzado y necesitas que te representen, queremos contactar contigo.<\/h1>\n<p><iframe loading=\"lazy\" src=\"https:\/\/www.youtube.com\/embed\/trp71K6RHP4?showinfo=0&amp;rel=0\" width=\"910\" height=\"512\" frameborder=\"0\" allowfullscreen=\"allowfullscreen\"><\/iframe><\/p>\n<h2>Qui\u00e9nes somos<\/h2>\n<p>La <strong>Agencia Zoom<\/strong> lleva cerca de 20 a\u00f1os produciendo y representando reportajes y documentales publicados en medios de comunicaci\u00f3n de todo tipo (El Pa\u00eds Semanal, El Peri\u00f3dico de Catalunya, La Vanguardia, TV3, TVE, National Geographic\u2026). Producimos contenidos propios y difundimos el trabajo de otros en estrecha colaboraci\u00f3n con el\/la autor\/a.<\/p>\n<h2>Qu\u00e9 buscamos<\/h2>\n<p>Consideramos que todos los temas pueden ser interesantes seg\u00fan la mirada que se les preste pero buscamos especialmente trabajos que giren en torno a los temas siguientes:<\/p>\n<ul>\n<li>Disidencias<\/li>\n<li>Tierra<\/li>\n<li>Redes<\/li>\n<li>Periferias<\/li>\n<li>Adicci\u00f3n<\/li>\n<li>G\u00e9nero<\/li>\n<li>Gozo<\/li>\n<li>Renacer<\/li>\n<\/ul>\n<h2>C\u00f3mo lo queremos<\/h2>\n<p>Para valorar tu trabajo, debes enviarnos un <a href=\"https:\/\/www.wetransfer.com\/\" target=\"_blank\" rel=\"noopener noreferrer nofollow\">WeTransfer<\/a>\u00a0(max. 2GB) al email reports@agenciazoom.com con lo siguiente:<\/p>\n<ul>\n<li>20 fotograf\u00edas en formato JPG, debidamente numeradas.<\/li>\n<li>Documento de texto que incluya una sinopsis y los pies de foto con la numeraci\u00f3n pertinente.<\/li>\n<li>S\u00f3lo se admiten trabajo in\u00e9ditos en Espa\u00f1a. Si ha sido publicado en el extranjero debes indicarnos d\u00f3nde y cu\u00e1ndo.<\/li>\n<li>Tus datos personales y la forma de ponernos en contacto contigo.<\/li>\n<\/ul>\n<h2>Qu\u00e9 ofrecemos<\/h2>\n<p>ZOOM te ofrece la representaci\u00f3n del trabajo, lo cual incluye presentarlo\u00a0a diferentes medios espa\u00f1oles con el objetivo de publicarlo en las mejores condiciones. Nuestra comisi\u00f3n\u00a0oscila\u00a0entre el 30 y el 50% y se pacta en el momento de firmar el contrato de representaci\u00f3n.<\/p>\n<p>Nuestra colaboraci\u00f3n incluye tambi\u00e9n generar un buen texto (si no lo hubiera); un trabajo de visualizaci\u00f3n y de promoci\u00f3n a trav\u00e9s de las redes sociales, sin descartar tampoco la posibilidad de organizar una exposici\u00f3n si el trabajo se presta a ello, incluso de buscar una salida editorial. Depende de cada proyecto.<\/p>\n<h2>Nota final<\/h2>\n<ul>\n<li>Los env\u00edos que no respeten los requisitos quedar\u00e1n autom\u00e1ticamente descartados.<\/li>\n<li>Si te interesa, env\u00eda tu trabajo <span style=\"font-weight: bold; color: #fff;\">antes del 1 de octubre<\/span><\/li>\n<li>Si tu trabajo ha sido seleccionado, nos pondremos en contacto contigo el 30 de octubre.<\/li>\n<\/ul>\n<h2>M\u00c1S<\/h2>\n<ul>\n<li>\u25ba <a href=\"https:\/\/www.agenciazoom.com\/web\/\" target=\"_blank\" rel=\"noopener\">12 reportajes, 12 meses<\/a><\/li>\n<li>\u25ba <a href=\"https:\/\/www.facebook.com\/ReportajesZoom\/\" target=\"_blank\" rel=\"noopener noreferrer nofollow\">Facebook<\/a><\/li>\n<\/ul>\n<\/div>\n","protected":false},"excerpt":{"rendered":"<p>Buscamos nuevos trabajos, nuevas ideas, nuevas miradas\u00a0en el \u00e1mbito del reportaje y del fotoperiodismo. Si tienes proyectos\u00a0realizados o en un estado avanzado y necesitas que te representen, queremos contactar contigo. Qui\u00e9nes somos La Agencia Zoom lleva cerca de 20 a\u00f1os produciendo y representando reportajes y documentales publicados en medios de comunicaci\u00f3n de todo tipo (El [&hellip;]<\/p>\n","protected":false},"author":2,"featured_media":0,"parent":0,"menu_order":0,"comment_status":"closed","ping_status":"closed","template":"","meta":{"footnotes":""},"class_list":["post-7569","page","type-page","status-publish","hentry"],"_links":{"self":[{"href":"https:\/\/www.agenciazoom.com\/web\/wp-json\/wp\/v2\/pages\/7569","targetHints":{"allow":["GET"]}}],"collection":[{"href":"https:\/\/www.agenciazoom.com\/web\/wp-json\/wp\/v2\/pages"}],"about":[{"href":"https:\/\/www.agenciazoom.com\/web\/wp-json\/wp\/v2\/types\/page"}],"author":[{"embeddable":true,"href":"https:\/\/www.agenciazoom.com\/web\/wp-json\/wp\/v2\/users\/2"}],"replies":[{"embeddable":true,"href":"https:\/\/www.agenciazoom.com\/web\/wp-json\/wp\/v2\/comments?post=7569"}],"version-history":[{"count":64,"href":"https:\/\/www.agenciazoom.com\/web\/wp-json\/wp\/v2\/pages\/7569\/revisions"}],"predecessor-version":[{"id":11082,"href":"https:\/\/www.agenciazoom.com\/web\/wp-json\/wp\/v2\/pages\/7569\/revisions\/11082"}],"wp:attachment":[{"href":"https:\/\/www.agenciazoom.com\/web\/wp-json\/wp\/v2\/media?parent=7569"}],"curies":[{"name":"wp","href":"https:\/\/api.w.org\/{rel}","templated":true}]}}